{"id":19,"date":"2024-09-18T17:58:24","date_gmt":"2024-09-18T17:58:24","guid":{"rendered":"https:\/\/rondanebackyardtrail.no\/?page_id=19"},"modified":"2024-10-06T12:43:51","modified_gmt":"2024-10-06T12:43:51","slug":"loypa","status":"publish","type":"page","link":"https:\/\/rondanebackyardtrail.no\/index.php\/loypa\/","title":{"rendered":"L\u00f8ypa"},"content":{"rendered":"\n<p>Start og m\u00e5l er i Stormoegga skiarena som ligger ca. 16,4 km fra Folldal sentrum, og l\u00f8pet vil hovedsaklig foreg\u00e5 p\u00e5 grusstier, skogsstier, traktorveger rundt og langs Kroktj\u00f8nna. L\u00f8ypa g\u00e5r i et lett kuppert landskap med \u00e5pen furuskog med hvit reinlav som er veldig typisk for omr\u00e5det.<\/p>\n\n\n\n<p>L\u00f8pet g\u00e5r rett og slett Rondanes bakg\u00e5rd, og de kjente bl\u00e5e fjellene kan sees mange plasser i l\u00f8ypa som for eksempel her fra Kroktj\u00f8nna:<\/p>\n\n\n<div class=\"wp-block-image\">\n<figure class=\"aligncenter size-full\"><img loading=\"lazy\" decoding=\"async\" width=\"960\" height=\"960\" src=\"https:\/\/rondanebackyardtrail.no\/wp-content\/uploads\/2024\/10\/Fra-Kroktjonna-mot-Hogronden.jpg\" alt=\"\" class=\"wp-image-356\" srcset=\"https:\/\/rondanebackyardtrail.no\/wp-content\/uploads\/2024\/10\/Fra-Kroktjonna-mot-Hogronden.jpg 960w, https:\/\/rondanebackyardtrail.no\/wp-content\/uploads\/2024\/10\/Fra-Kroktjonna-mot-Hogronden-300x300.jpg 300w, https:\/\/rondanebackyardtrail.no\/wp-content\/uploads\/2024\/10\/Fra-Kroktjonna-mot-Hogronden-150x150.jpg 150w, https:\/\/rondanebackyardtrail.no\/wp-content\/uploads\/2024\/10\/Fra-Kroktjonna-mot-Hogronden-768x768.jpg 768w\" sizes=\"auto, (max-width: 960px) 100vw, 960px\" \/><figcaption class=\"wp-element-caption\">Fra Kroktj\u00f8nna mot H\u00f8gronden (Foto: S.-R. Martinsen)<\/figcaption><\/figure>\n<\/div>\n\n\n<p>Animasjon av l\u00f8ypa kan sees <a href=\"https:\/\/1drv.ms\/v\/s!AloDKX2v6zGw8SsRJtz4Fto3-2Mj?e=Q8aYxj\" target=\"_blank\" rel=\"noreferrer noopener\">HER<\/a>.<\/p>\n\n\n<div class=\"wp-block-image\">\n<figure class=\"aligncenter size-large is-resized\"><img loading=\"lazy\" decoding=\"async\" width=\"799\" height=\"1024\" src=\"https:\/\/rondanebackyardtrail.no\/wp-content\/uploads\/2024\/09\/Loypa-799x1024.jpg\" alt=\"\" class=\"wp-image-284\" style=\"width:482px;height:auto\" srcset=\"https:\/\/rondanebackyardtrail.no\/wp-content\/uploads\/2024\/09\/Loypa-799x1024.jpg 799w, https:\/\/rondanebackyardtrail.no\/wp-content\/uploads\/2024\/09\/Loypa-234x300.jpg 234w, https:\/\/rondanebackyardtrail.no\/wp-content\/uploads\/2024\/09\/Loypa-768x985.jpg 768w, https:\/\/rondanebackyardtrail.no\/wp-content\/uploads\/2024\/09\/Loypa.jpg 1151w\" sizes=\"auto, (max-width: 799px) 100vw, 799px\" \/><figcaption class=\"wp-element-caption\">L\u00f8ypa<\/figcaption><\/figure>\n<\/div>\n\n\n<figure class=\"wp-block-image size-large\"><img loading=\"lazy\" decoding=\"async\" width=\"1024\" height=\"124\" src=\"https:\/\/rondanebackyardtrail.no\/wp-content\/uploads\/2024\/09\/Profil-1024x124.jpg\" alt=\"\" class=\"wp-image-283\" srcset=\"https:\/\/rondanebackyardtrail.no\/wp-content\/uploads\/2024\/09\/Profil-1024x124.jpg 1024w, https:\/\/rondanebackyardtrail.no\/wp-content\/uploads\/2024\/09\/Profil-300x36.jpg 300w, https:\/\/rondanebackyardtrail.no\/wp-content\/uploads\/2024\/09\/Profil-768x93.jpg 768w, https:\/\/rondanebackyardtrail.no\/wp-content\/uploads\/2024\/09\/Profil.jpg 1524w\" sizes=\"auto, (max-width: 1024px) 100vw, 1024px\" \/><figcaption class=\"wp-element-caption\">H\u00f8yderofil<\/figcaption><\/figure>\n\n\n\n<div class=\"wp-block-columns is-layout-flex wp-container-core-columns-is-layout-9d6595d7 wp-block-columns-is-layout-flex\">\n<div class=\"wp-block-column is-layout-flow wp-block-column-is-layout-flow\" style=\"flex-basis:100%\">\n<figure class=\"wp-block-gallery has-nested-images columns-default is-cropped wp-block-gallery-1 is-layout-flex wp-block-gallery-is-layout-flex\">\n<figure class=\"wp-block-image size-large\"><img loading=\"lazy\" decoding=\"async\" width=\"576\" height=\"1024\" data-id=\"172\" src=\"https:\/\/rondanebackyardtrail.no\/wp-content\/uploads\/2024\/09\/Bilde-sti-ut-fra-Stormoegga-3-1-576x1024.jpg\" alt=\"\" class=\"wp-image-172\" srcset=\"https:\/\/rondanebackyardtrail.no\/wp-content\/uploads\/2024\/09\/Bilde-sti-ut-fra-Stormoegga-3-1-576x1024.jpg 576w, https:\/\/rondanebackyardtrail.no\/wp-content\/uploads\/2024\/09\/Bilde-sti-ut-fra-Stormoegga-3-1-169x300.jpg 169w, https:\/\/rondanebackyardtrail.no\/wp-content\/uploads\/2024\/09\/Bilde-sti-ut-fra-Stormoegga-3-1-768x1365.jpg 768w, https:\/\/rondanebackyardtrail.no\/wp-content\/uploads\/2024\/09\/Bilde-sti-ut-fra-Stormoegga-3-1-864x1536.jpg 864w, https:\/\/rondanebackyardtrail.no\/wp-content\/uploads\/2024\/09\/Bilde-sti-ut-fra-Stormoegga-3-1-1152x2048.jpg 1152w, https:\/\/rondanebackyardtrail.no\/wp-content\/uploads\/2024\/09\/Bilde-sti-ut-fra-Stormoegga-3-1.jpg 1242w\" sizes=\"auto, (max-width: 576px) 100vw, 576px\" \/><figcaption class=\"wp-element-caption\">Traktor\/-skogsti i ca. 2,5 km<\/figcaption><\/figure>\n\n\n\n<figure class=\"wp-block-image size-full\"><img loading=\"lazy\" decoding=\"async\" width=\"768\" height=\"1024\" data-id=\"276\" src=\"https:\/\/rondanebackyardtrail.no\/wp-content\/uploads\/2024\/09\/Langs-elva.jpg\" alt=\"\" class=\"wp-image-276\" srcset=\"https:\/\/rondanebackyardtrail.no\/wp-content\/uploads\/2024\/09\/Langs-elva.jpg 768w, https:\/\/rondanebackyardtrail.no\/wp-content\/uploads\/2024\/09\/Langs-elva-225x300.jpg 225w\" sizes=\"auto, (max-width: 768px) 100vw, 768px\" \/><figcaption class=\"wp-element-caption\">Sti langs Folla \/ Grimsa i ca. 1,1 km<\/figcaption><\/figure>\n\n\n\n<figure class=\"wp-block-image size-large\"><img loading=\"lazy\" decoding=\"async\" width=\"768\" height=\"1024\" data-id=\"142\" src=\"https:\/\/rondanebackyardtrail.no\/wp-content\/uploads\/2024\/09\/IMG_0168.jpg\" alt=\"\" class=\"wp-image-142\"\/><figcaption class=\"wp-element-caption\">Badeplassen p\u00e5 Kroktj\u00f8nna etter ca. 4,1 km<\/figcaption><\/figure>\n\n\n\n<figure class=\"wp-block-image size-large\"><img loading=\"lazy\" decoding=\"async\" width=\"1242\" height=\"2208\" data-id=\"24\" src=\"https:\/\/rondanebackyardtrail.no\/wp-content\/uploads\/2024\/09\/Bilde-sti-langs-Kroktjonna-3.jpg\" alt=\"\" class=\"wp-image-24\"\/><figcaption class=\"wp-element-caption\">Ca. 1,3 km tilrettelagt grussti<\/figcaption><\/figure>\n\n\n\n<figure class=\"wp-block-image size-large\"><img loading=\"lazy\" decoding=\"async\" width=\"768\" height=\"1024\" data-id=\"33\" src=\"https:\/\/rondanebackyardtrail.no\/wp-content\/uploads\/2024\/09\/Bilde-veg-mot-Stormoegga.jpg\" alt=\"\" class=\"wp-image-33\"\/><figcaption class=\"wp-element-caption\">Veg i ca. 1,4 km mot Stormoegga og med Rondane i horisonten<\/figcaption><\/figure>\n\n\n\n<figure class=\"wp-block-image size-large\"><img loading=\"lazy\" decoding=\"async\" width=\"768\" height=\"1024\" data-id=\"29\" src=\"https:\/\/rondanebackyardtrail.no\/wp-content\/uploads\/2024\/09\/Bilde-Stormoegga-2.jpg\" alt=\"\" class=\"wp-image-29\"\/><figcaption class=\"wp-element-caption\">M\u00e5lgang ved Stormoegga skiarena<\/figcaption><\/figure>\n<\/figure>\n<\/div>\n<\/div>\n\n\n\n<p><strong>Beskrivelse av l\u00f8ypa<\/strong><\/p>\n\n\n\n<ul class=\"wp-block-list\">\n<li>Ca. 400 m &laquo;\u00e6resrunde&raquo; p\u00e5 arenaen ut fra start<\/li>\n\n\n\n<li>Ca. 2,5 km traktorsti<\/li>\n\n\n\n<li>Ca. 1,1 km skoggsti langs Folla \/ Grimsa hvorav ca. 200 m privat grusveg<\/li>\n\n\n\n<li>Ca 1,3 km grussti mellom flere tjern (Kroktj\u00f8nna, Lauv\u00e5stj\u00f8nna og Bekkholttj\u00f8nna)<\/li>\n\n\n\n<li>Ca. 1,4 km privat grusveg inn til m\u00e5l<\/li>\n<\/ul>\n\n\n\n<p>L\u00f8ypa vil v\u00e6re godt merket med merkeb\u00e5nd og skilt med pil der det er n\u00f8dvendig.&nbsp;<\/p>\n\n\n\n<p><strong>GPX-fil<\/strong><\/p>\n\n\n\n<p>Forel\u00f8pig GPX-fil kan lastes <a href=\"https:\/\/1drv.ms\/u\/s!AloDKX2v6zGw8WTqYsHsPakQZ6K_?e=1MvqKL\" target=\"_blank\" rel=\"noreferrer noopener\">HER<\/a> (sist oppdatert 30.09.24).<\/p>\n","protected":false},"excerpt":{"rendered":"<p>Start og m\u00e5l er i Stormoegga skiarena som ligger ca. 16,4 km fra Folldal sentrum, og l\u00f8pet vil hovedsaklig foreg\u00e5 p\u00e5 grusstier, skogsstier, traktorveger rundt og langs Kroktj\u00f8nna. L\u00f8ypa g\u00e5r i et lett kuppert landskap med \u00e5pen furuskog med hvit &hellip; <a href=\"https:\/\/rondanebackyardtrail.no\/index.php\/loypa\/\">Les videre <span class=\"meta-nav\">&rarr;<\/span><\/a><\/p>\n","protected":false},"author":1,"featured_media":0,"parent":0,"menu_order":60,"comment_status":"closed","ping_status":"closed","template":"","meta":{"footnotes":""},"class_list":["post-19","page","type-page","status-publish","hentry"],"_links":{"self":[{"href":"https:\/\/rondanebackyardtrail.no\/index.php\/wp-json\/wp\/v2\/pages\/19","targetHints":{"allow":["GET"]}}],"collection":[{"href":"https:\/\/rondanebackyardtrail.no\/index.php\/wp-json\/wp\/v2\/pages"}],"about":[{"href":"https:\/\/rondanebackyardtrail.no\/index.php\/wp-json\/wp\/v2\/types\/page"}],"author":[{"embeddable":true,"href":"https:\/\/rondanebackyardtrail.no\/index.php\/wp-json\/wp\/v2\/users\/1"}],"replies":[{"embeddable":true,"href":"https:\/\/rondanebackyardtrail.no\/index.php\/wp-json\/wp\/v2\/comments?post=19"}],"version-history":[{"count":42,"href":"https:\/\/rondanebackyardtrail.no\/index.php\/wp-json\/wp\/v2\/pages\/19\/revisions"}],"predecessor-version":[{"id":414,"href":"https:\/\/rondanebackyardtrail.no\/index.php\/wp-json\/wp\/v2\/pages\/19\/revisions\/414"}],"wp:attachment":[{"href":"https:\/\/rondanebackyardtrail.no\/index.php\/wp-json\/wp\/v2\/media?parent=19"}],"curies":[{"name":"wp","href":"https:\/\/api.w.org\/{rel}","templated":true}]}}